{"id":941,"date":"2025-11-12T18:18:09","date_gmt":"2025-11-12T18:18:09","guid":{"rendered":"https:\/\/avatarstudio.hu\/?page_id=941"},"modified":"2025-11-12T18:18:09","modified_gmt":"2025-11-12T18:18:09","slug":"adatvedelmi-tajekoztato","status":"publish","type":"page","link":"https:\/\/avatarstudio.hu\/?page_id=941","title":{"rendered":"Adatv\u00e9delmi t\u00e1j\u00e9koztat\u00f3"},"content":{"rendered":"","protected":false},"excerpt":{"rendered":"","protected":false},"author":1,"featured_media":0,"parent":0,"menu_order":0,"comment_status":"closed","ping_status":"closed","template":"","meta":{"footnotes":""},"class_list":["post-941","page","type-page","status-publish","hentry"],"yoast_head":"<!-- This site is optimized with the Yoast SEO plugin v26.3 - https:\/\/yoast.com\/wordpress\/plugins\/seo\/ -->\n<title>Adatv\u00e9delmi t\u00e1j\u00e9koztat\u00f3 -<\/title>\n<meta name=\"robots\" content=\"index, follow, max-snippet:-1, max-image-preview:large, max-video-preview:-1\" \/>\n<link rel=\"canonical\" href=\"https:\/\/avatarstudio.hu\/?page_id=941\" \/>\n<meta property=\"og:locale\" content=\"en_US\" \/>\n<meta property=\"og:type\" content=\"article\" \/>\n<meta property=\"og:title\" content=\"Adatv\u00e9delmi t\u00e1j\u00e9koztat\u00f3 -\" \/>\n<meta property=\"og:url\" content=\"https:\/\/avatarstudio.hu\/?page_id=941\" \/>\n<meta name=\"twitter:card\" content=\"summary_large_image\" \/>\n<script type=\"application\/ld+json\" class=\"yoast-schema-graph\">{\"@context\":\"https:\/\/schema.org\",\"@graph\":[{\"@type\":\"WebPage\",\"@id\":\"https:\/\/avatarstudio.hu\/?page_id=941\",\"url\":\"https:\/\/avatarstudio.hu\/?page_id=941\",\"name\":\"Adatv\u00e9delmi t\u00e1j\u00e9koztat\u00f3 -\",\"isPartOf\":{\"@id\":\"https:\/\/avatarstudio.hu\/#website\"},\"datePublished\":\"2025-11-12T18:18:09+00:00\",\"breadcrumb\":{\"@id\":\"https:\/\/avatarstudio.hu\/?page_id=941#breadcrumb\"},\"inLanguage\":\"en-US\",\"potentialAction\":[{\"@type\":\"ReadAction\",\"target\":[\"https:\/\/avatarstudio.hu\/?page_id=941\"]}]},{\"@type\":\"BreadcrumbList\",\"@id\":\"https:\/\/avatarstudio.hu\/?page_id=941#breadcrumb\",\"itemListElement\":[{\"@type\":\"ListItem\",\"position\":1,\"name\":\"Home\",\"item\":\"https:\/\/avatarstudio.hu\/\"},{\"@type\":\"ListItem\",\"position\":2,\"name\":\"Adatv\u00e9delmi t\u00e1j\u00e9koztat\u00f3\"}]},{\"@type\":\"WebSite\",\"@id\":\"https:\/\/avatarstudio.hu\/#website\",\"url\":\"https:\/\/avatarstudio.hu\/\",\"name\":\"\",\"description\":\"\",\"potentialAction\":[{\"@type\":\"SearchAction\",\"target\":{\"@type\":\"EntryPoint\",\"urlTemplate\":\"https:\/\/avatarstudio.hu\/?s={search_term_string}\"},\"query-input\":{\"@type\":\"PropertyValueSpecification\",\"valueRequired\":true,\"valueName\":\"search_term_string\"}}],\"inLanguage\":\"en-US\"}]}<\/script>\n<!-- \/ Yoast SEO plugin. -->","yoast_head_json":{"title":"Adatv\u00e9delmi t\u00e1j\u00e9koztat\u00f3 -","robots":{"index":"index","follow":"follow","max-snippet":"max-snippet:-1","max-image-preview":"max-image-preview:large","max-video-preview":"max-video-preview:-1"},"canonical":"https:\/\/avatarstudio.hu\/?page_id=941","og_locale":"en_US","og_type":"article","og_title":"Adatv\u00e9delmi t\u00e1j\u00e9koztat\u00f3 -","og_url":"https:\/\/avatarstudio.hu\/?page_id=941","twitter_card":"summary_large_image","schema":{"@context":"https:\/\/schema.org","@graph":[{"@type":"WebPage","@id":"https:\/\/avatarstudio.hu\/?page_id=941","url":"https:\/\/avatarstudio.hu\/?page_id=941","name":"Adatv\u00e9delmi t\u00e1j\u00e9koztat\u00f3 -","isPartOf":{"@id":"https:\/\/avatarstudio.hu\/#website"},"datePublished":"2025-11-12T18:18:09+00:00","breadcrumb":{"@id":"https:\/\/avatarstudio.hu\/?page_id=941#breadcrumb"},"inLanguage":"en-US","potentialAction":[{"@type":"ReadAction","target":["https:\/\/avatarstudio.hu\/?page_id=941"]}]},{"@type":"BreadcrumbList","@id":"https:\/\/avatarstudio.hu\/?page_id=941#breadcrumb","itemListElement":[{"@type":"ListItem","position":1,"name":"Home","item":"https:\/\/avatarstudio.hu\/"},{"@type":"ListItem","position":2,"name":"Adatv\u00e9delmi t\u00e1j\u00e9koztat\u00f3"}]},{"@type":"WebSite","@id":"https:\/\/avatarstudio.hu\/#website","url":"https:\/\/avatarstudio.hu\/","name":"","description":"","potentialAction":[{"@type":"SearchAction","target":{"@type":"EntryPoint","urlTemplate":"https:\/\/avatarstudio.hu\/?s={search_term_string}"},"query-input":{"@type":"PropertyValueSpecification","valueRequired":true,"valueName":"search_term_string"}}],"inLanguage":"en-US"}]}},"_links":{"self":[{"href":"https:\/\/avatarstudio.hu\/index.php?rest_route=\/wp\/v2\/pages\/941","targetHints":{"allow":["GET"]}}],"collection":[{"href":"https:\/\/avatarstudio.hu\/index.php?rest_route=\/wp\/v2\/pages"}],"about":[{"href":"https:\/\/avatarstudio.hu\/index.php?rest_route=\/wp\/v2\/types\/page"}],"author":[{"embeddable":true,"href":"https:\/\/avatarstudio.hu\/index.php?rest_route=\/wp\/v2\/users\/1"}],"replies":[{"embeddable":true,"href":"https:\/\/avatarstudio.hu\/index.php?rest_route=%2Fwp%2Fv2%2Fcomments&post=941"}],"version-history":[{"count":1,"href":"https:\/\/avatarstudio.hu\/index.php?rest_route=\/wp\/v2\/pages\/941\/revisions"}],"predecessor-version":[{"id":942,"href":"https:\/\/avatarstudio.hu\/index.php?rest_route=\/wp\/v2\/pages\/941\/revisions\/942"}],"wp:attachment":[{"href":"https:\/\/avatarstudio.hu\/index.php?rest_route=%2Fwp%2Fv2%2Fmedia&parent=941"}],"curies":[{"name":"wp","href":"https:\/\/api.w.org\/{rel}","templated":true}]}}